{"id":1832,"date":"2020-10-30T12:46:56","date_gmt":"2020-10-30T11:46:56","guid":{"rendered":"http:\/\/olasz-altisk.sulinet.hu\/weboldal\/?page_id=1832"},"modified":"2024-09-24T14:13:50","modified_gmt":"2024-09-24T12:13:50","slug":"elerhetoseg","status":"publish","type":"page","link":"http:\/\/olasz-altisk.edu.hu\/weboldal\/?page_id=1832","title":{"rendered":"El\u00e9rhet\u0151s\u00e9g"},"content":{"rendered":"\n<h3><strong>El\u00e9rhet\u0151s\u00e9g<\/strong><\/h3>\n\n\n\n<div class=\"textwidget\">\n<p>Int\u00e9zm\u00e9ny neve: Olaszi \u00c1ltal\u00e1nos Iskola \/ Grundschule Ahla\u00df<br>C\u00edm: 7745 Olasz, Ady Endre u. 7.<br>Telefonsz\u00e1m: +36 69 357 110<br><br><\/p>\n<\/div>\n\n\n\n<div class=\"wp-block-columns alignfull has-text-color has-background is-layout-flex wp-container-3\" style=\"color:#000000;background-color:#ffffff\">\n<div class=\"wp-block-column is-layout-flow\">\n<h3 class=\"wp-block-heading\" style=\"font-size:24px;line-height:1.3\"><strong><strong>Int\u00e9zm\u00e9nyvezet\u0151<\/strong><\/strong><\/h3>\n\n\n\n<p>T\u00f3th Gabriella<\/p>\n\n\n\n<p>Mobil: +36 30 829 6708<\/p>\n\n\n\n<p>e-mail: olasz.intvezeto@mohacsitk.hu<\/p>\n<\/div>\n\n\n\n<div class=\"wp-block-column is-layout-flow\">\n<h3 class=\"wp-block-heading\" style=\"font-size:24px;line-height:1.3\"><strong><strong>Iskolatitk\u00e1r<\/strong><\/strong><\/h3>\n\n\n\n<p>Klaics Mirjana<\/p>\n\n\n\n<p>Mobil: +36 30 829 6670<\/p>\n\n\n\n<p>e-mail: olasz.iskola@mohacsitk.hu<\/p>\n<\/div>\n<\/div>\n\n\n\n<iframe loading=\"lazy\" src=\"https:\/\/www.google.com\/maps\/embed?pb=!1m18!1m12!1m3!1d2770.7947109431625!2d18.412433531445078!3d46.01528966522198!2m3!1f0!2f0!3f0!3m2!1i1024!2i768!4f13.1!3m3!1m2!1s0x4742cb916b5d8443%3A0x506d0c10e35a476!2sOlaszi+%C3%81ltal%C3%A1nos+Iskola!5e0!3m2!1shu!2shu!4v1554358541525!5m2!1shu!2shu\" width=\"470\" height=\"200\" frameborder=\"0\" style=\"border:0\" allowfullscreen=\"\"><\/iframe>\n","protected":false},"excerpt":{"rendered":"<p>El\u00e9rhet\u0151s\u00e9g Int\u00e9zm\u00e9ny neve: Olaszi \u00c1ltal\u00e1nos Iskola \/ Grundschule Ahla\u00dfC\u00edm: 7745 Olasz, Ady Endre u. 7.Telefonsz\u00e1m: +36 69 357 110 Int\u00e9zm\u00e9nyvezet\u0151 T\u00f3th Gabriella Mobil: +36 30 829 6708 e-mail: olasz.intvezeto@mohacsitk.hu Iskolatitk\u00e1r Klaics Mirjana Mobil: +36 30 829 6670 e-mail: olasz.iskola@mohacsitk.hu<\/p>\n","protected":false},"author":1,"featured_media":0,"parent":0,"menu_order":0,"comment_status":"closed","ping_status":"closed","template":"","meta":{"ngg_post_thumbnail":0},"_links":{"self":[{"href":"http:\/\/olasz-altisk.edu.hu\/weboldal\/index.php?rest_route=\/wp\/v2\/pages\/1832"}],"collection":[{"href":"http:\/\/olasz-altisk.edu.hu\/weboldal\/index.php?rest_route=\/wp\/v2\/pages"}],"about":[{"href":"http:\/\/olasz-altisk.edu.hu\/weboldal\/index.php?rest_route=\/wp\/v2\/types\/page"}],"author":[{"embeddable":true,"href":"http:\/\/olasz-altisk.edu.hu\/weboldal\/index.php?rest_route=\/wp\/v2\/users\/1"}],"replies":[{"embeddable":true,"href":"http:\/\/olasz-altisk.edu.hu\/weboldal\/index.php?rest_route=%2Fwp%2Fv2%2Fcomments&post=1832"}],"version-history":[{"count":7,"href":"http:\/\/olasz-altisk.edu.hu\/weboldal\/index.php?rest_route=\/wp\/v2\/pages\/1832\/revisions"}],"predecessor-version":[{"id":4422,"href":"http:\/\/olasz-altisk.edu.hu\/weboldal\/index.php?rest_route=\/wp\/v2\/pages\/1832\/revisions\/4422"}],"wp:attachment":[{"href":"http:\/\/olasz-altisk.edu.hu\/weboldal\/index.php?rest_route=%2Fwp%2Fv2%2Fmedia&parent=1832"}],"curies":[{"name":"wp","href":"https:\/\/api.w.org\/{rel}","templated":true}]}}