{"id":19,"date":"2017-05-09T17:30:56","date_gmt":"2017-05-09T17:30:56","guid":{"rendered":"http:\/\/olasz-altisk.sulinet.hu\/weboldal\/?page_id=19"},"modified":"2017-05-16T15:48:50","modified_gmt":"2017-05-16T13:48:50","slug":"iskola-tortenete","status":"publish","type":"page","link":"http:\/\/olasz-altisk.edu.hu\/weboldal\/?page_id=19","title":{"rendered":"Iskola t\u00f6rt\u00e9nete"},"content":{"rendered":"<p style=\"text-align: center;\"><span style=\"font-size: 14pt;\"><strong>Iskol\u00e1nk t\u00f6rt\u00e9nete<\/strong><\/span><\/p>\n<p style=\"text-align: left;\">K\u00f6zs\u00e9g\u00fcnkben az els\u0151 iskola megalakul\u00e1sa a XIX. sz\u00e1zad k\u00f6zep\u00e9re tehet\u0151. Az 1867-68-as \u00e9vekt\u0151l kezd\u0151d\u0151en rendszeres oktat\u00e1s folyik, b\u00e1r er\u0151sen felekezeti jelleg\u0171. Konkr\u00e9t adatok csak az 1890-ben alap\u00edtott k\u00f6zs\u00e9gi elemi n\u00e9piskola beind\u00edt\u00e1s\u00e1r\u00f3l \u00e1llnak rendelkez\u00e9s\u00fcnkre. Az olaszi templom k\u00f6zel\u00e9ben \u00e9p\u00fclt iskola t\u00e9glafallal, cser\u00e9ptet\u0151zettel k\u00e9sz\u00fclt. Az \u00e9p\u00fclet k\u00e9t tanszob\u00e1b\u00f3l \u00e9s egy nevel\u0151i lak\u00e1sb\u00f3l \u00e1llt. 1948-ban a m\u00e1r k\u00f6zigazgat\u00e1silag Olaszhoz tartoz\u00f3 Hidorban l\u00e9trehoznak egy fels\u0151tagozatos iskol\u00e1t. A templom k\u00f6zel\u00e9ben l\u00e9v\u0151 \u00e9p\u00fclet k\u00f6zel sem volt alkalmas az oktat\u00f3-nevel\u0151munk\u00e1ra, helys\u00e9genk\u00e9nt egyetlen ablak szolg\u00e1ltatta a f\u00e9nyt, az \u00e9p\u00fclet \u00f6reg, roskadoz\u00f3 v\u00e1lyogh\u00e1z volt. Sz\u00fcks\u00e9gess\u00e9 v\u00e1lt egy \u00faj iskola \u00e9p\u00edt\u00e9se. Az Olasz \u00e9s Hidor k\u00f6zs\u00e9g hat\u00e1r\u00e1ban \u00e9p\u00fclt modern iskol\u00e1t 1958. november 7-\u00e9n adt\u00e1k \u00e1t az olaszi, hidori \u00e9s az akkor m\u00e1r idej\u00e1r\u00f3 h\u00e1ss\u00e1gyi, belv\u00e1rdgyulai gyerekek sz\u00e1m\u00e1ra. (2009. j\u00fanius\u00e1ban \u00fcnnepelt\u00fck iskol\u00e1nk fenn\u00e1ll\u00e1s\u00e1nak 50. \u00e9vfordul\u00f3j\u00e1t.) Az \u00faj iskola \u00e9p\u00edt\u00e9se m\u00e1sf\u00e9l milli\u00f3 forintba ker\u00fclt. A terveket Kiss Tibor a P\u00e9csi Tervez\u0151iroda munkat\u00e1rsa k\u00e9sz\u00edtette.<\/p>\n<p style=\"text-align: left;\">&nbsp;<\/p>\n<p style=\"text-align: left;\">\nA tanul\u00f3k l\u00e9tsz\u00e1ma a tov\u00e1bbi k\u00f6rzetes\u00edt\u00e9ssel jelent\u0151sen megn\u00f6vekedett, az 1970-71-es tan\u00e9vt\u0151l m\u00e1r k\u00fcl\u00f6n di\u00e1kbusz sz\u00e1ll\u00edtotta a birj\u00e1ni, loth\u00e1rdi \u00e9s magyarsarl\u00f3si gyerekeket. A tanul\u00f3k sz\u00e1m\u00e1nak n\u00f6veked\u00e9se, az oktat\u00f3-nevel\u0151munka sz\u00ednvonal\u00e1nak emel\u00e9se sz\u00fcks\u00e9gess\u00e9 tette az int\u00e9zm\u00e9ny b\u0151v\u00edt\u00e9s\u00e9t, helys\u00e9geinek gyarap\u00edt\u00e1s\u00e1t:<\/p>\n<ul>\n<li style=\"text-align: left;\">1976-ban fel\u00e9p\u00fclt a tornaterem<\/li>\n<li style=\"text-align: left;\">1984. iskolab\u0151v\u00edt\u00e9s (k\u00e9t tov\u00e1bbi tanterem, konyha, eb\u00e9dl\u0151)<\/li>\n<li style=\"text-align: left;\">1984. \u00f3voda \u00e9p\u00edt\u00e9se<\/li>\n<li style=\"text-align: left;\">2003. informatikai terem l\u00e9trehoz\u00e1sa<\/li>\n<\/ul>\n<p style=\"text-align: left;\">&nbsp;<\/p>\n<p style=\"text-align: left;\">\nInt\u00e9zm\u00e9ny\u00fcnket \u00f6t \u00f6nkorm\u00e1nyzat (Belv\u00e1rdgyula, Birj\u00e1n, H\u00e1ss\u00e1gy, Magyarsarl\u00f3s \u00e9s Olasz) m\u0171k\u00f6dtette 2012 december\u00e9ig. 2013. janu\u00e1r 1-t\u0151l az int\u00e9zm\u00e9ny fenntart\u00f3ja a Moh\u00e1csi Tanker\u00fcleti K\u00f6zpont.<\/p>\n<p style=\"text-align: left;\">&nbsp;<\/p>\n<p style=\"text-align: left;\">\nA 8 oszt\u00e1lyos \u00e1ltal\u00e1nos iskol\u00e1ban nemzetis\u00e9gi nyelvoktat\u00e1s folyik.&nbsp; Di\u00e1kjaink ennek megfelel\u0151en heti \u00f6t \u00f3r\u00e1ban r\u00e9szes\u00fclnek n\u00e9met nyelvoktat\u00e1sban. Fakultat\u00edv m\u00f3don r\u00e9szt vehetnek tov\u00e1bb\u00e1 horv\u00e1t, ill. angol nyelvi \u00f3r\u00e1kon is.<\/p>\n<p style=\"text-align: left;\">&nbsp;<\/p>\n<p style=\"text-align: left;\">\nN\u00e9h\u00e1ny \u00e9ve bekapcsol\u00f3dtunk a m\u0171v\u00e9szeti oktat\u00e1sba is.<\/p>\n<p style=\"text-align: left;\">&nbsp;<\/p>\n<p style=\"text-align: left;\">\nK\u00e9t m\u0171v\u00e9szeti iskola fejleszti gyermekeinket ezen a t\u00e9ren, t\u00f6bb tanszakon. Az egyik int\u00e9zm\u00e9ny a szigetv\u00e1ri k\u00f6zpont\u00fa Kapronczai Alapfok\u00fa M\u0171v\u00e9szetoktat\u00e1si Int\u00e9zm\u00e9ny, amelynek pedag\u00f3gusai t\u00e1rsas t\u00e1ncot oktatnak tanul\u00f3inknak; a m\u00e1sik a koz\u00e1rmislenyi Diabelli M\u0171v\u00e9szeti Iskola . Ennek keret\u00e9ben a di\u00e1kok zen\u00e9t tanulhatnak: furulya, fuvola, git\u00e1r, heged\u0171, klarin\u00e9t, szaxofon \u00e9s zongora tanszakokon; valamint k\u00e9pz\u0151m\u0171v\u00e9szeti \u00e9s k\u00e9zm\u0171ves oktat\u00e1sban r\u00e9szes\u00fclhetnek.<\/p>\n<p style=\"text-align: left;\">&nbsp;<\/p>\n<p style=\"text-align: left;\">A 2008\/2009. tan\u00e9vt\u0151l integr\u00e1lt oktat\u00e1s \u00e9s nevel\u00e9s folyik iskol\u00e1nkban. A saj\u00e1tos nevel\u00e9si ig\u00e9ny\u0171 tanul\u00f3k sz\u00e1m\u00e1ra biztos\u00edtott a logop\u00e9diai, gy\u00f3gypedag\u00f3giai ell\u00e1t\u00e1s, a szem\u00e9lyre sz\u00f3l\u00f3 fejleszt\u00e9s.<\/p>\n<p style=\"text-align: left;\">&nbsp;<\/p>\n<p style=\"text-align: left;\">A 2009\/2010. tan\u00e9vt\u0151l ker\u00fclt bevezet\u00e9sre az \u00fan. IPR k\u00e9pess\u00e9g kibontakoztat\u00f3 rendszer.<\/p>\n<p style=\"text-align: left;\">&nbsp;<\/p>\n<p style=\"text-align: left;\">\nEzzel a programmal igyeksz\u00fcnk seg\u00edteni a halmozottan h\u00e1tr\u00e1nyos helyzet\u0171 tanul\u00f3inkat, hogy t\u00f6bbi t\u00e1rsukkal egy\u00fctt lehet\u0151s\u00e9g\u00fck legyen k\u00e9pess\u00e9geik kibontakoztat\u00e1s\u00e1ra.<\/p>\n<p style=\"text-align: left;\">&nbsp;<\/p>\n<p style=\"text-align: left;\">A tanul\u00f3l\u00e9tsz\u00e1munk jelenleg 127 f\u0151. A gyerekek t\u00f6bb, mint 60%-a&nbsp; a beiskol\u00e1z\u00e1si k\u00f6rzetbe tartoz\u00f3 falvakb\u00f3l \u00e9rkezik \u00e9s kis sz\u00e1mban ugyan, de k\u00f6rzeten k\u00edv\u00fcli gyerekek is tanulnak az int\u00e9zm\u00e9nyben.<\/p>\n<p style=\"text-align: left;\">&nbsp;<\/p>\n<p style=\"text-align: left;\">\nPedag\u00f3giai programunkban kiemelten fontos c\u00e9l, hogy tanul\u00f3i l\u00e9tsz\u00e1mokat meg\u0151rizz\u00fck, hogy lehet\u0151v\u00e9 tegy\u00fck a tanul\u00f3k sz\u00e1m\u00e1ra szem\u00e9lyis\u00e9g\u00fck sokoldal\u00fa fejl\u0151d\u00e9s\u00e9t, hogy seg\u00edts\u00fck az SNI tanul\u00f3k fejleszt\u00e9s\u00e9t, hogy biztos\u00edtsuk a HH \u00e9s HHH gyerekek z\u00f6kken\u0151mentes beilleszked\u00e9s\u00e9t.<\/p>\n<p style=\"text-align: left;\">&nbsp;<\/p>\n<p style=\"text-align: left;\">Int\u00e9zm\u00e9ny\u00fcnk irigyl\u00e9sre m\u00e9lt\u00f3, biztons\u00e1gos k\u00f6rnyezetben helyezkedik el. Folyamatosan b\u0151v\u00fcl\u0151 j\u00e1tsz\u00f3t\u00e9r \u00e9s egy\u00e9b szabadt\u00e9ri j\u00e1t\u00e9kok, sportp\u00e1lya, kos\u00e1rlabda p\u00e1lya \u00e1ll az iskol\u00e1sok rendelkez\u00e9s\u00e9re. \u00cdgy minden lehet\u0151s\u00e9g\u00fck megvan arra, hogy szabadidej\u00fcket hasznosan, tartalmasan t\u00f6lthess\u00e9k el, \u00f6nfeledten kikapcsol\u00f3dhassanak.<\/p>\n","protected":false},"excerpt":{"rendered":"<p>Iskol\u00e1nk t\u00f6rt\u00e9nete K\u00f6zs\u00e9g\u00fcnkben az els\u0151 iskola megalakul\u00e1sa a XIX. sz\u00e1zad k\u00f6zep\u00e9re tehet\u0151. Az 1867-68-as \u00e9vekt\u0151l kezd\u0151d\u0151en rendszeres oktat\u00e1s folyik, b\u00e1r er\u0151sen felekezeti jelleg\u0171. Konkr\u00e9t adatok csak az 1890-ben alap\u00edtott k\u00f6zs\u00e9gi elemi n\u00e9piskola beind\u00edt\u00e1s\u00e1r\u00f3l \u00e1llnak rendelkez\u00e9s\u00fcnkre. Az olaszi templom k\u00f6zel\u00e9ben \u00e9p\u00fclt iskola t\u00e9glafallal, cser\u00e9ptet\u0151zettel k\u00e9sz\u00fclt. Az \u00e9p\u00fclet k\u00e9t tanszob\u00e1b\u00f3l \u00e9s egy \u2026 <a class=\"continue-reading-link\" href=\"http:\/\/olasz-altisk.edu.hu\/weboldal\/?page_id=19\"> Continue reading <span class=\"meta-nav\">&rarr; <\/span><\/a><\/p>\n","protected":false},"author":1,"featured_media":0,"parent":0,"menu_order":0,"comment_status":"closed","ping_status":"closed","template":"","meta":{"ngg_post_thumbnail":0},"_links":{"self":[{"href":"http:\/\/olasz-altisk.edu.hu\/weboldal\/index.php?rest_route=\/wp\/v2\/pages\/19"}],"collection":[{"href":"http:\/\/olasz-altisk.edu.hu\/weboldal\/index.php?rest_route=\/wp\/v2\/pages"}],"about":[{"href":"http:\/\/olasz-altisk.edu.hu\/weboldal\/index.php?rest_route=\/wp\/v2\/types\/page"}],"author":[{"embeddable":true,"href":"http:\/\/olasz-altisk.edu.hu\/weboldal\/index.php?rest_route=\/wp\/v2\/users\/1"}],"replies":[{"embeddable":true,"href":"http:\/\/olasz-altisk.edu.hu\/weboldal\/index.php?rest_route=%2Fwp%2Fv2%2Fcomments&post=19"}],"version-history":[{"count":3,"href":"http:\/\/olasz-altisk.edu.hu\/weboldal\/index.php?rest_route=\/wp\/v2\/pages\/19\/revisions"}],"predecessor-version":[{"id":99,"href":"http:\/\/olasz-altisk.edu.hu\/weboldal\/index.php?rest_route=\/wp\/v2\/pages\/19\/revisions\/99"}],"wp:attachment":[{"href":"http:\/\/olasz-altisk.edu.hu\/weboldal\/index.php?rest_route=%2Fwp%2Fv2%2Fmedia&parent=19"}],"curies":[{"name":"wp","href":"https:\/\/api.w.org\/{rel}","templated":true}]}}