{"id":1941,"date":"2021-03-25T12:41:37","date_gmt":"2021-03-25T11:41:37","guid":{"rendered":"http:\/\/olasz-altisk.sulinet.hu\/weboldal\/?page_id=1941"},"modified":"2021-04-22T08:51:56","modified_gmt":"2021-04-22T06:51:56","slug":"okoiskola-dokumentumok","status":"publish","type":"page","link":"http:\/\/olasz-altisk.edu.hu\/weboldal\/?page_id=1941","title":{"rendered":"\u00d6koiskola dokumentumok"},"content":{"rendered":"\n<div class=\"wp-block-file\"><a href=\"http:\/\/olasz-altisk.sulinet.hu\/weboldal\/wp-content\/uploads\/oko-kodex.pdf\">\u00d6KO-K\u00d3DEX<\/a><a href=\"http:\/\/olasz-altisk.sulinet.hu\/weboldal\/wp-content\/uploads\/oko-kodex.pdf\" class=\"wp-block-file__button\" download>Let\u00f6lt\u00e9s<\/a><\/div>\n\n\n\n<div class=\"wp-block-file\"><a href=\"http:\/\/olasz-altisk.sulinet.hu\/weboldal\/wp-content\/uploads\/oko-munkaterv-202021.pdf\">Az Olaszi \u00c1ltal\u00e1nos Iskola \u00f6koiskolai munkaterve a 2020\/2021-es tan\u00e9vre<\/a><a href=\"http:\/\/olasz-altisk.sulinet.hu\/weboldal\/wp-content\/uploads\/oko-munkaterv-202021.pdf\" class=\"wp-block-file__button\" download>Let\u00f6lt\u00e9s<\/a><\/div>\n\n\n\n<div class=\"wp-block-file\"><a href=\"http:\/\/olasz-altisk.sulinet.hu\/weboldal\/wp-content\/uploads\/SKM_C22721032513030.pdf\">\u00d6koiskola &#8211; besz\u00e1mol\u00f3 2019\/2020<\/a><a href=\"http:\/\/olasz-altisk.sulinet.hu\/weboldal\/wp-content\/uploads\/SKM_C22721032513030.pdf\" class=\"wp-block-file__button\" download>Let\u00f6lt\u00e9s<\/a><\/div>\n\n\n\n<div class=\"wp-block-file\"><a href=\"http:\/\/olasz-altisk.sulinet.hu\/weboldal\/wp-content\/uploads\/SKM_C22721032512541.pdf\">\u00d6koiskola &#8211; besz\u00e1mol\u00f3 2018\/2019<\/a><a href=\"http:\/\/olasz-altisk.sulinet.hu\/weboldal\/wp-content\/uploads\/SKM_C22721032512541.pdf\" class=\"wp-block-file__button\" download>Let\u00f6lt\u00e9s<\/a><\/div>\n","protected":false},"excerpt":{"rendered":"","protected":false},"author":1,"featured_media":0,"parent":0,"menu_order":0,"comment_status":"closed","ping_status":"closed","template":"","meta":{"ngg_post_thumbnail":0},"_links":{"self":[{"href":"http:\/\/olasz-altisk.edu.hu\/weboldal\/index.php?rest_route=\/wp\/v2\/pages\/1941"}],"collection":[{"href":"http:\/\/olasz-altisk.edu.hu\/weboldal\/index.php?rest_route=\/wp\/v2\/pages"}],"about":[{"href":"http:\/\/olasz-altisk.edu.hu\/weboldal\/index.php?rest_route=\/wp\/v2\/types\/page"}],"author":[{"embeddable":true,"href":"http:\/\/olasz-altisk.edu.hu\/weboldal\/index.php?rest_route=\/wp\/v2\/users\/1"}],"replies":[{"embeddable":true,"href":"http:\/\/olasz-altisk.edu.hu\/weboldal\/index.php?rest_route=%2Fwp%2Fv2%2Fcomments&post=1941"}],"version-history":[{"count":8,"href":"http:\/\/olasz-altisk.edu.hu\/weboldal\/index.php?rest_route=\/wp\/v2\/pages\/1941\/revisions"}],"predecessor-version":[{"id":1968,"href":"http:\/\/olasz-altisk.edu.hu\/weboldal\/index.php?rest_route=\/wp\/v2\/pages\/1941\/revisions\/1968"}],"wp:attachment":[{"href":"http:\/\/olasz-altisk.edu.hu\/weboldal\/index.php?rest_route=%2Fwp%2Fv2%2Fmedia&parent=1941"}],"curies":[{"name":"wp","href":"https:\/\/api.w.org\/{rel}","templated":true}]}}