{"id":25,"date":"2017-05-09T17:32:08","date_gmt":"2017-05-09T17:32:08","guid":{"rendered":"http:\/\/olasz-altisk.sulinet.hu\/weboldal\/?page_id=25"},"modified":"2017-05-16T19:32:40","modified_gmt":"2017-05-16T17:32:40","slug":"alapitvanyunk","status":"publish","type":"page","link":"http:\/\/olasz-altisk.edu.hu\/weboldal\/?page_id=25","title":{"rendered":"Alap\u00edtv\u00e1nyunk"},"content":{"rendered":"<p style=\"text-align: center;\"><strong>Alap\u00edtv\u00e1ny neve: Olasz K\u00f6rzete Gyermekei\u00e9rt, J\u00f6v\u0151j\u00e9\u00e9rt Alap\u00edtv\u00e1ny<\/strong><br \/>\nC\u00edm: 7745 &#8211; Olasz, Ady Endre utca 7.<br \/>\nAd\u00f3sz\u00e1ma: 18308406-1-02<br \/>\nBanksz\u00e1mla sz\u00e1m: 50300051-10000166-00000000<br \/>\nAz alap\u00edtv\u00e1ny c\u00e9lja: Az iskolai di\u00e1k\u00e9let esem\u00e9nyeinek gazdag\u00edt\u00e1sa, felkarol\u00e1sa,<br \/>\nprogramjainak t\u00e1mogat\u00e1sa, a m\u0171k\u00f6d\u00e9si felt\u00e9telek biztos\u00edt\u00e1sa.<\/p>\n<p style=\"text-align: center;\">&nbsp;<\/p>\n<p style=\"text-align: center;\">K\u00e9rj\u00fck t\u00e1mogassa \u00d6n is ad\u00f3ja 1%-val e c\u00e9lok megval\u00f3sul\u00e1s\u00e1t!<\/p>\n<p style=\"text-align: center;\"><strong>K\u00f6sz\u00f6nj\u00fck!<\/strong><\/p>\n","protected":false},"excerpt":{"rendered":"<p>Alap\u00edtv\u00e1ny neve: Olasz K\u00f6rzete Gyermekei\u00e9rt, J\u00f6v\u0151j\u00e9\u00e9rt Alap\u00edtv\u00e1ny C\u00edm: 7745 &#8211; Olasz, Ady Endre utca 7. Ad\u00f3sz\u00e1ma: 18308406-1-02 Banksz\u00e1mla sz\u00e1m: 50300051-10000166-00000000 Az alap\u00edtv\u00e1ny c\u00e9lja: Az iskolai di\u00e1k\u00e9let esem\u00e9nyeinek gazdag\u00edt\u00e1sa, felkarol\u00e1sa, programjainak t\u00e1mogat\u00e1sa, a m\u0171k\u00f6d\u00e9si felt\u00e9telek biztos\u00edt\u00e1sa. &nbsp; K\u00e9rj\u00fck t\u00e1mogassa \u00d6n is ad\u00f3ja 1%-val e c\u00e9lok megval\u00f3sul\u00e1s\u00e1t! K\u00f6sz\u00f6nj\u00fck!<\/p>\n","protected":false},"author":1,"featured_media":0,"parent":0,"menu_order":0,"comment_status":"closed","ping_status":"closed","template":"","meta":{"ngg_post_thumbnail":0},"_links":{"self":[{"href":"http:\/\/olasz-altisk.edu.hu\/weboldal\/index.php?rest_route=\/wp\/v2\/pages\/25"}],"collection":[{"href":"http:\/\/olasz-altisk.edu.hu\/weboldal\/index.php?rest_route=\/wp\/v2\/pages"}],"about":[{"href":"http:\/\/olasz-altisk.edu.hu\/weboldal\/index.php?rest_route=\/wp\/v2\/types\/page"}],"author":[{"embeddable":true,"href":"http:\/\/olasz-altisk.edu.hu\/weboldal\/index.php?rest_route=\/wp\/v2\/users\/1"}],"replies":[{"embeddable":true,"href":"http:\/\/olasz-altisk.edu.hu\/weboldal\/index.php?rest_route=%2Fwp%2Fv2%2Fcomments&post=25"}],"version-history":[{"count":3,"href":"http:\/\/olasz-altisk.edu.hu\/weboldal\/index.php?rest_route=\/wp\/v2\/pages\/25\/revisions"}],"predecessor-version":[{"id":101,"href":"http:\/\/olasz-altisk.edu.hu\/weboldal\/index.php?rest_route=\/wp\/v2\/pages\/25\/revisions\/101"}],"wp:attachment":[{"href":"http:\/\/olasz-altisk.edu.hu\/weboldal\/index.php?rest_route=%2Fwp%2Fv2%2Fmedia&parent=25"}],"curies":[{"name":"wp","href":"https:\/\/api.w.org\/{rel}","templated":true}]}}