{"id":77,"date":"2017-05-11T15:29:49","date_gmt":"2017-05-11T13:29:49","guid":{"rendered":"http:\/\/olasz-altisk.sulinet.hu\/weboldal\/?page_id=77"},"modified":"2017-05-16T15:29:43","modified_gmt":"2017-05-16T13:29:43","slug":"nemet-bemutato","status":"publish","type":"page","link":"http:\/\/olasz-altisk.edu.hu\/weboldal\/?page_id=77","title":{"rendered":"N\u00e9met bemutat\u00f3"},"content":{"rendered":"<p style=\"text-align: center;\"><span style=\"font-size: 14pt;\"><strong>Wir begr\u00fc\u00dfen Sie recht herzlich auf der Webseite der Grundschule Ahla\u00df.<\/strong><\/span><\/p>\n<p style=\"text-align: left;\">&nbsp;<\/p>\n<p style=\"text-align: left;\">Die Schule wurde im Jahre 1958 \u00fcbergegeben, aber in unserer Gemeinde gab es schon ab der Mitte des &nbsp;XIX. Jahrhunderts Unterricht.<\/p>\n<p style=\"text-align: left;\">&nbsp;<\/p>\n<p style=\"text-align: left;\">Die Schule wurde mehrmals erneuert:<\/p>\n<ul style=\"text-align: left;\">\n<li style=\"text-align: left;\">1976: Eine Turnhaale wurde dazugebaut<\/li>\n<li style=\"text-align: left;\">1984: Erweiterung der Grundschule mit weiteren Klassenzimmern,&nbsp; einer Speisesaal und Erbauung des Kindergartens<\/li>\n<li style=\"text-align: left;\">2003: Erweiterung der Grundschule mit einem Informatikraum<\/li>\n<\/ul>\n<p>&nbsp;<\/p>\n<p style=\"text-align: left;\">Die Sch\u00fcler und Sch\u00fclerinnen kommen aus mehreren Gemeinden: Olasz, H\u00e1ss\u00e1gy, Belv\u00e1rdgyula, Magyarsarl\u00f3s, Loth\u00e1rd, aber wir haben auch einige aus weit liegenden Gemeinden.<\/p>\n<p style=\"text-align: left;\">&nbsp;<\/p>\n<p style=\"text-align: left;\">\nDie Schule wurde bis 2012 von den Gemeinden (Olasz, H\u00e1ss\u00e1gy, Belv\u00e1rdgyula, Birj\u00e1n, Magyarsarl\u00f3s) finanziert.&nbsp; Im Jahre 2013 wurde die Schule vom Staat \u00fcbergenommen.<\/p>\n<p style=\"text-align: left;\">&nbsp;<\/p>\n<p style=\"text-align: left;\">\nName des Tr\u00e4gers: Moh\u00e1csi Tanker\u00fcleti K\u00f6zpont<\/p>\n<p style=\"text-align: left;\">&nbsp;<\/p>\n<p style=\"text-align: left;\">\nEs ist eine achtklassige Grundschule, wo wir Deutsch w\u00f6chentlich in 5 Stunden unterrichten. Au\u00dferdem haben die Kinder Ungarndeutsche Volkskunde. Die Kinder haben die M\u00f6glichkeit eine weitere Sprache(englisch oder kroatisch) zu erlernen. Wir sind stolz auf unsere ungarndeutschen Tanzgruppen, Theatergruppe und auf die vielen deutschen Programmen und Ausstellungen.<\/p>\n<p style=\"text-align: left;\">&nbsp;<\/p>\n<p style=\"text-align: left;\">\nSeit einigen Jahren &nbsp;arbeiten wir mit K\u00fcnstlerischen Schulen zusammen, die Kinder k\u00f6nnen moderne T\u00e4nze, Musik, Instrumente, Zeichnung und Kreativit\u00e4t erlernen.<\/p>\n<p style=\"text-align: left;\">&nbsp;<\/p>\n<p style=\"text-align: left;\">\nDie Kinder haben die M\u00f6glichkeit nach dem Unterricht in verschiedenen Arbeitsgemeinschaften zu arbeiten.<\/p>\n<p style=\"text-align: left;\">&nbsp;<\/p>\n<p style=\"text-align: left;\">\nUnsere Grundschule liegt in einer wundersch\u00f6nen Umgebung, mit einem gro\u00dfen Fu\u00dfballplatz, Korbballplatz, Gem\u00fcsegarten, Kr\u00e4utergarten und einem st\u00e4ndig erneuernden Spielplatz. Die Schule liegt entfernt von der Hauptstra\u00dfe, so sind die Kinder in Sicherheit. In der Umgebung der Schule ist ein kleiner Wald. Die Schule hat dieses Jahr die Auszeichnung f\u00fcr eine \u00d6KO-Schule bekommen.<\/p>\n<p style=\"text-align: left;\">&nbsp;<\/p>\n<p style=\"text-align: center;\">\nWir haben auch eine Stiftung, &nbsp;wo Sie unsere Programme, Ausfl\u00fcge und Wettbewerbe unterst\u00fctzen k\u00f6nnen:<br \/>\n<strong>Olasz \u00e9s K\u00f6rzete Gyermekei\u00e9rt, J\u00f6v\u0151j\u00e9\u00e9rt Alap\u00edtv\u00e1ny<\/strong><br \/>\n<strong> Steuernummer\/ Ad\u00f3sz\u00e1ma: 18308406-1-02<\/strong><br \/>\n<strong> Kontonummer\/Banksz\u00e1mla sz\u00e1m: 50300051 &#8211; 10000166 &#8211; 00000000<\/strong><br \/>\n<strong> Adresse\/ C\u00edm: 7745 \u2013 Olasz, Ady Endre utca 7.<\/strong><\/p>\n<p style=\"text-align: left;\">&nbsp;<\/p>\n<p style=\"text-align: center;\">Die Bilder von den Lehrern und Lehrerinnen, Sch\u00fclern und Sch\u00fclerinnen, Programmen k\u00f6nnen Sie auf der ungarischen Webseite finden.<\/p>\n","protected":false},"excerpt":{"rendered":"<p>Wir begr\u00fc\u00dfen Sie recht herzlich auf der Webseite der Grundschule Ahla\u00df. &nbsp; Die Schule wurde im Jahre 1958 \u00fcbergegeben, aber in unserer Gemeinde gab es schon ab der Mitte des &nbsp;XIX. Jahrhunderts Unterricht. &nbsp; Die Schule wurde mehrmals erneuert: 1976: Eine Turnhaale wurde dazugebaut 1984: Erweiterung der Grundschule mit weiteren \u2026 <a class=\"continue-reading-link\" href=\"http:\/\/olasz-altisk.edu.hu\/weboldal\/?page_id=77\"> Continue reading <span class=\"meta-nav\">&rarr; <\/span><\/a><\/p>\n","protected":false},"author":1,"featured_media":0,"parent":0,"menu_order":0,"comment_status":"closed","ping_status":"closed","template":"","meta":{"ngg_post_thumbnail":0},"_links":{"self":[{"href":"http:\/\/olasz-altisk.edu.hu\/weboldal\/index.php?rest_route=\/wp\/v2\/pages\/77"}],"collection":[{"href":"http:\/\/olasz-altisk.edu.hu\/weboldal\/index.php?rest_route=\/wp\/v2\/pages"}],"about":[{"href":"http:\/\/olasz-altisk.edu.hu\/weboldal\/index.php?rest_route=\/wp\/v2\/types\/page"}],"author":[{"embeddable":true,"href":"http:\/\/olasz-altisk.edu.hu\/weboldal\/index.php?rest_route=\/wp\/v2\/users\/1"}],"replies":[{"embeddable":true,"href":"http:\/\/olasz-altisk.edu.hu\/weboldal\/index.php?rest_route=%2Fwp%2Fv2%2Fcomments&post=77"}],"version-history":[{"count":3,"href":"http:\/\/olasz-altisk.edu.hu\/weboldal\/index.php?rest_route=\/wp\/v2\/pages\/77\/revisions"}],"predecessor-version":[{"id":97,"href":"http:\/\/olasz-altisk.edu.hu\/weboldal\/index.php?rest_route=\/wp\/v2\/pages\/77\/revisions\/97"}],"wp:attachment":[{"href":"http:\/\/olasz-altisk.edu.hu\/weboldal\/index.php?rest_route=%2Fwp%2Fv2%2Fmedia&parent=77"}],"curies":[{"name":"wp","href":"https:\/\/api.w.org\/{rel}","templated":true}]}}